{"id":2469,"date":"2024-04-01T11:05:49","date_gmt":"2024-04-01T09:05:49","guid":{"rendered":"https:\/\/www.ermeco.com\/piscine-sauna-hammam\/?post_type=product&#038;p=2469"},"modified":"2024-04-01T11:06:24","modified_gmt":"2024-04-01T09:06:24","slug":"pompe-a-chaleur-jetline-premium-fi","status":"publish","type":"product","link":"https:\/\/www.ermeco.com\/piscine-sauna-hammam\/produit\/pompe-a-chaleur-jetline-premium-fi\/","title":{"rendered":"Pompe \u00e0 chaleur JETLINE PREMIUM FI"},"content":{"rendered":"<p>La technologie Full Inverter sur la pompe \u00e0 chaleur piscine n\u2019apporte que des avantages. Une forte baisse de la consommation \u00e9lectrique et de la pression acoustique, et une dur\u00e9e de vie augment\u00e9e du fait de son d\u00e9marrage progressif.<\/p>\n<p>Aujourd&rsquo;hui, choisir une pompe \u00e0 chaleur implique aussi un choix esth\u00e9tique. La Jetline Premium Fi affiche fi\u00e8rement ses atouts tendances aux bord de la piscine. Sa fa\u00e7ade en aluminium thermolaqu\u00e9 allie \u00e9l\u00e9gance et hautes performances pour une PAC facile \u00e0 vivre au quotidien.<\/p>\n<p>Le nouveau bo\u00eetier de commande d\u00e9portable jusqu\u2019\u00e0 10 m\u00e8tres int\u00e8gre les modes Eco et Boost Inverter pour tous les cas de figure. Quand vous lancez le chauffage de votre piscine, le mode Boost Inverter augmente la performance de la pompe \u00e0 chaleur pour atteindre la temp\u00e9rature de consigne le plus rapidement possible. Lorsque ce point de consigne est atteint, votre pompe \u00e0 chaleur piscine fonctionne en mode Eco.<\/p>\n<p>Avec le module WiFi int\u00e9gr\u00e9, pilotez votre pompe \u00e0 chaleur pour piscine \u00e0 distance depuis votre smartphone.<\/p>\n<p>Petit plus qui change la vie, des LED int\u00e9gr\u00e9es en fa\u00e7ade vous permettent de savoir en un clin d\u2019oeil l\u2019\u00e9tat de fonctionnement actuel :<br \/>\nVert : la temp\u00e9rature de consigne est atteinte.<br \/>\nBleu : le bassin est en cours de chauffage.<br \/>\nRouge : la PAC n\u2019est pas en fonction.<br \/>\nLa Jetline Premium Fi garde tous les atouts qui ont fait son succ\u00e8s : son d\u00e9givrage automatique et son \u00e9changeur Twisted Tech en titane qui lui permettent de fonctionner d\u00e8s -15\u00b0C. Sans oublier son mode r\u00e9versible : vous pouvez non seulement chauffer l&rsquo;eau de la piscine, mais \u00e9galement la rafra\u00eechir durant les mois particuli\u00e8rement chauds.<\/p>\n","protected":false},"excerpt":{"rendered":"<p>Pompe \u00e0 chaleur piscine. 8 puissances disponibles | Pour bassin jusqu&rsquo;\u00e0 145m3 | Fonctionne d\u00e8s -15\u00b0C<\/p>\n","protected":false},"featured_media":2512,"comment_status":"closed","ping_status":"closed","template":"","meta":[],"product_cat":[51],"product_tag":[],"aioseo_notices":[],"_links":{"self":[{"href":"https:\/\/www.ermeco.com\/piscine-sauna-hammam\/wp-json\/wp\/v2\/product\/2469"}],"collection":[{"href":"https:\/\/www.ermeco.com\/piscine-sauna-hammam\/wp-json\/wp\/v2\/product"}],"about":[{"href":"https:\/\/www.ermeco.com\/piscine-sauna-hammam\/wp-json\/wp\/v2\/types\/product"}],"replies":[{"embeddable":true,"href":"https:\/\/www.ermeco.com\/piscine-sauna-hammam\/wp-json\/wp\/v2\/comments?post=2469"}],"wp:featuredmedia":[{"embeddable":true,"href":"https:\/\/www.ermeco.com\/piscine-sauna-hammam\/wp-json\/wp\/v2\/media\/2512"}],"wp:attachment":[{"href":"https:\/\/www.ermeco.com\/piscine-sauna-hammam\/wp-json\/wp\/v2\/media?parent=2469"}],"wp:term":[{"taxonomy":"product_cat","embeddable":true,"href":"https:\/\/www.ermeco.com\/piscine-sauna-hammam\/wp-json\/wp\/v2\/product_cat?post=2469"},{"taxonomy":"product_tag","embeddable":true,"href":"https:\/\/www.ermeco.com\/piscine-sauna-hammam\/wp-json\/wp\/v2\/product_tag?post=2469"}],"curies":[{"name":"wp","href":"https:\/\/api.w.org\/{rel}","templated":true}]}}