{"id":2472,"date":"2024-04-01T11:05:49","date_gmt":"2024-04-01T09:05:49","guid":{"rendered":"https:\/\/www.ermeco.com\/piscine-sauna-hammam\/?post_type=product&#038;p=2472"},"modified":"2024-04-01T11:06:35","modified_gmt":"2024-04-01T09:06:35","slug":"polysolar-energy-system","status":"publish","type":"product","link":"https:\/\/www.ermeco.com\/piscine-sauna-hammam\/produit\/polysolar-energy-system\/","title":{"rendered":"Polysolar Energy System"},"content":{"rendered":"<p>PolySolar Energy system est un kit de 1 \u00e0 8 panneaux photovolta\u00efques et un syst\u00e8me de gestion de l\u2019\u00e9nergie brevet\u00e9 sp\u00e9cialement dimensionn\u00e9 pour la piscine.<\/p>\n<p>En transformant le rayonnement solaire en \u00e9lectricit\u00e9, chaque panneau photovolta\u00efque alimente de mani\u00e8re optimale la pompe \u00e0 chaleur de piscine jusqu\u2019\u00e0 100% de la puissance requise sur la saison (selon nombre de panneaux, l\u2019exposition et le lieu g\u00e9ographique), la consommation restante \u00e9tant assur\u00e9e par le r\u00e9seau \u00e9lectrique classique.<\/p>\n<p>Facture d\u2019\u00e9lectricit\u00e9 r\u00e9duite et \u00e9conomies d\u2019\u00e9nergie<br \/>\nD\u00e8s que l\u2019eau de la piscine a atteint 28\u00b0, le surplus de production d\u2019\u00e9nergie alimente le reste des \u00e9quipements du pool house, mais aussi de l\u2019habitat !<br \/>\nL\u2019utilisateur peut \u00e9galement faire le choix de continuer \u00e0 faire fonctionner sa pompe \u00e0 chaleur afin d\u2019utiliser le bassin comme un stockage d\u2019\u00e9nergie indirecte sous forme de calories.<\/p>\n<p>La consommation \u00e9lectrique est alors optimis\u00e9e en s\u2019affranchissant en partie du r\u00e9seau et en permettant l\u2019autoproduction et l\u2019autoconsommation.<\/p>\n","protected":false},"excerpt":{"rendered":"<p>Une approche hybride en couplant un kit de panneaux photovolta\u00efques \u00e0 la pompe \u00e0 chaleur.<\/p>\n","protected":false},"featured_media":2518,"comment_status":"closed","ping_status":"closed","template":"","meta":[],"product_cat":[51],"product_tag":[],"aioseo_notices":[],"_links":{"self":[{"href":"https:\/\/www.ermeco.com\/piscine-sauna-hammam\/wp-json\/wp\/v2\/product\/2472"}],"collection":[{"href":"https:\/\/www.ermeco.com\/piscine-sauna-hammam\/wp-json\/wp\/v2\/product"}],"about":[{"href":"https:\/\/www.ermeco.com\/piscine-sauna-hammam\/wp-json\/wp\/v2\/types\/product"}],"replies":[{"embeddable":true,"href":"https:\/\/www.ermeco.com\/piscine-sauna-hammam\/wp-json\/wp\/v2\/comments?post=2472"}],"wp:featuredmedia":[{"embeddable":true,"href":"https:\/\/www.ermeco.com\/piscine-sauna-hammam\/wp-json\/wp\/v2\/media\/2518"}],"wp:attachment":[{"href":"https:\/\/www.ermeco.com\/piscine-sauna-hammam\/wp-json\/wp\/v2\/media?parent=2472"}],"wp:term":[{"taxonomy":"product_cat","embeddable":true,"href":"https:\/\/www.ermeco.com\/piscine-sauna-hammam\/wp-json\/wp\/v2\/product_cat?post=2472"},{"taxonomy":"product_tag","embeddable":true,"href":"https:\/\/www.ermeco.com\/piscine-sauna-hammam\/wp-json\/wp\/v2\/product_tag?post=2472"}],"curies":[{"name":"wp","href":"https:\/\/api.w.org\/{rel}","templated":true}]}}