{"id":2473,"date":"2024-04-01T11:05:49","date_gmt":"2024-04-01T09:05:49","guid":{"rendered":"https:\/\/www.ermeco.com\/piscine-sauna-hammam\/?post_type=product&#038;p=2473"},"modified":"2024-04-01T11:06:37","modified_gmt":"2024-04-01T09:06:37","slug":"alarme-precisio","status":"publish","type":"product","link":"https:\/\/www.ermeco.com\/piscine-sauna-hammam\/produit\/alarme-precisio\/","title":{"rendered":"Alarme Precisio"},"content":{"rendered":"<div class=\"wpb-content-wrapper\"><p>[vc_row][vc_column][vc_column_text woodmart_inline=\u00a0\u00bbno\u00a0\u00bb text_larger=\u00a0\u00bbno\u00a0\u00bb]La s\u00e9curit\u00e9 de votre piscine ne doit jamais \u00eatre compromise, c&rsquo;est pourquoi la Precisio se distingue par sa pr\u00e9cision in\u00e9gal\u00e9e. Conforme \u00e0 la norme NF P90-307-1:2009, elle r\u00e9pond aux normes les plus strictes pour assurer la s\u00e9curit\u00e9 de votre espace aquatique.<\/p>\n<p>La caract\u00e9ristique phare de la Precisio r\u00e9side dans son microprocesseur de pointe, garantissant une d\u00e9tection de chute hautement pr\u00e9cise. Elle offre une protection optimale sans d\u00e9clenchements intempestifs. En plus de ses performances de s\u00e9curit\u00e9, la Precisio affiche un design moderne et \u00e9l\u00e9gant, s&rsquo;int\u00e9grant harmonieusement \u00e0 votre environnement de piscine gr\u00e2ce \u00e0 ses courbures soign\u00e9es.<\/p>\n<p>L&rsquo;installation de la Precisio est simple, qu&rsquo;il s&rsquo;agisse d&rsquo;une piscine en cours de construction ou d\u00e9j\u00e0 existante. Elle propose deux modes de fonctionnement pratiques : surveillance et baignade. Vous pouvez facilement d\u00e9sactiver l&rsquo;alarme avec votre code confidentiel lorsque vous vous baignez, et elle se r\u00e9active automatiquement apr\u00e8s la baignade. Optez pour la Precisio, la r\u00e9f\u00e9rence en mati\u00e8re de pr\u00e9cision et de s\u00e9curit\u00e9 pour votre piscine.[\/vc_column_text][\/vc_column][\/vc_row]<\/p>\n<\/div>","protected":false},"excerpt":{"rendered":"<p>Pr\u00e9cision maximale pour une s\u00e9curit\u00e9 totale<br \/>\nPr\u00e9cision in\u00e9gal\u00e9e : Une d\u00e9tection de chute hautement pr\u00e9cise gr\u00e2ce \u00e0 un microprocesseur puissant<br \/>\nConformit\u00e9 certifi\u00e9e : Conforme \u00e0 la norme NF P90-307-1:2009 et au d\u00e9cret de 2009, avec une attestation de conformit\u00e9<br \/>\nDesign \u00e9l\u00e9gant : Int\u00e9gration harmonieuse gr\u00e2ce \u00e0 ses courbures soign\u00e9es<br \/>\nFacilit\u00e9 dinstallation et dutilisation : Installation rapide, deux modes de fonctionnement simples : surveillance et baignade<br \/>\nCompatibilit\u00e9 universelle : piscines existantes ou en cours de construction<\/p>\n","protected":false},"featured_media":2519,"comment_status":"closed","ping_status":"closed","template":"","meta":[],"product_cat":[41],"product_tag":[],"aioseo_notices":[],"_links":{"self":[{"href":"https:\/\/www.ermeco.com\/piscine-sauna-hammam\/wp-json\/wp\/v2\/product\/2473"}],"collection":[{"href":"https:\/\/www.ermeco.com\/piscine-sauna-hammam\/wp-json\/wp\/v2\/product"}],"about":[{"href":"https:\/\/www.ermeco.com\/piscine-sauna-hammam\/wp-json\/wp\/v2\/types\/product"}],"replies":[{"embeddable":true,"href":"https:\/\/www.ermeco.com\/piscine-sauna-hammam\/wp-json\/wp\/v2\/comments?post=2473"}],"wp:featuredmedia":[{"embeddable":true,"href":"https:\/\/www.ermeco.com\/piscine-sauna-hammam\/wp-json\/wp\/v2\/media\/2519"}],"wp:attachment":[{"href":"https:\/\/www.ermeco.com\/piscine-sauna-hammam\/wp-json\/wp\/v2\/media?parent=2473"}],"wp:term":[{"taxonomy":"product_cat","embeddable":true,"href":"https:\/\/www.ermeco.com\/piscine-sauna-hammam\/wp-json\/wp\/v2\/product_cat?post=2473"},{"taxonomy":"product_tag","embeddable":true,"href":"https:\/\/www.ermeco.com\/piscine-sauna-hammam\/wp-json\/wp\/v2\/product_tag?post=2473"}],"curies":[{"name":"wp","href":"https:\/\/api.w.org\/{rel}","templated":true}]}}