{"id":2474,"date":"2024-04-01T11:05:50","date_gmt":"2024-04-01T09:05:50","guid":{"rendered":"https:\/\/www.ermeco.com\/piscine-sauna-hammam\/?post_type=product&#038;p=2474"},"modified":"2024-04-01T11:06:38","modified_gmt":"2024-04-01T09:06:38","slug":"lot-de-2-petites-crepines-et-bouchons","status":"publish","type":"product","link":"https:\/\/www.ermeco.com\/piscine-sauna-hammam\/produit\/lot-de-2-petites-crepines-et-bouchons\/","title":{"rendered":"Lot de 2 petites cr\u00e9pines et bouchons"},"content":{"rendered":"<p>Lot de 2 petites cr\u00e9pines pour les piscines dont les cr\u00e9pines sont en \u00d8 32 mm.<br \/>\nLe lot est compos\u00e9 des r\u00e9f\u00e9rences 11070 x 1 + 12365 x 1 + 12197 x 1 + 12364 x 1 + 10127 x 2.<\/p>\n","protected":false},"excerpt":{"rendered":"<p>Lot de 2 petites cr\u00e9pines pour piscines.<\/p>\n","protected":false},"featured_media":2521,"comment_status":"closed","ping_status":"closed","template":"","meta":[],"product_cat":[86],"product_tag":[],"aioseo_notices":[],"_links":{"self":[{"href":"https:\/\/www.ermeco.com\/piscine-sauna-hammam\/wp-json\/wp\/v2\/product\/2474"}],"collection":[{"href":"https:\/\/www.ermeco.com\/piscine-sauna-hammam\/wp-json\/wp\/v2\/product"}],"about":[{"href":"https:\/\/www.ermeco.com\/piscine-sauna-hammam\/wp-json\/wp\/v2\/types\/product"}],"replies":[{"embeddable":true,"href":"https:\/\/www.ermeco.com\/piscine-sauna-hammam\/wp-json\/wp\/v2\/comments?post=2474"}],"wp:featuredmedia":[{"embeddable":true,"href":"https:\/\/www.ermeco.com\/piscine-sauna-hammam\/wp-json\/wp\/v2\/media\/2521"}],"wp:attachment":[{"href":"https:\/\/www.ermeco.com\/piscine-sauna-hammam\/wp-json\/wp\/v2\/media?parent=2474"}],"wp:term":[{"taxonomy":"product_cat","embeddable":true,"href":"https:\/\/www.ermeco.com\/piscine-sauna-hammam\/wp-json\/wp\/v2\/product_cat?post=2474"},{"taxonomy":"product_tag","embeddable":true,"href":"https:\/\/www.ermeco.com\/piscine-sauna-hammam\/wp-json\/wp\/v2\/product_tag?post=2474"}],"curies":[{"name":"wp","href":"https:\/\/api.w.org\/{rel}","templated":true}]}}