{"id":2494,"date":"2024-04-01T11:06:12","date_gmt":"2024-04-01T09:06:12","guid":{"rendered":"https:\/\/www.ermeco.com\/piscine-sauna-hammam\/?post_type=product&#038;p=2494"},"modified":"2024-04-01T11:06:47","modified_gmt":"2024-04-01T09:06:47","slug":"lot-de-2-cartouches-de-filtration-spa-gonflable","status":"publish","type":"product","link":"https:\/\/www.ermeco.com\/piscine-sauna-hammam\/produit\/lot-de-2-cartouches-de-filtration-spa-gonflable\/","title":{"rendered":"Lot de 2 cartouches de filtration spa gonflable"},"content":{"rendered":"<p>Le lot de 2 cartouches pour PureSpa est compatible avec tous les spas gonflables Intex. Chaque cartouche de filtration est compos\u00e9e de fibres dacron et poss\u00e8de une finesse de filtration de 20 microns. Concernant le nettoyage de la cartouche, cette derni\u00e8re doit \u00eatre nettoy\u00e9e r\u00e9guli\u00e8rement et chang\u00e9e tous les 10 jours environ.<\/p>\n","protected":false},"excerpt":{"rendered":"<p>Le lot de 2 cartouches pour PureSpa est compatible avec tous les spas gonflables Intex.<br \/>\nChaque cartouche de filtration est compos\u00e9e de fibres dacron et poss\u00e8de une finesse de filtration de 20 microns.<\/p>\n","protected":false},"featured_media":2539,"comment_status":"closed","ping_status":"closed","template":"","meta":[],"product_cat":[83],"product_tag":[],"aioseo_notices":[],"_links":{"self":[{"href":"https:\/\/www.ermeco.com\/piscine-sauna-hammam\/wp-json\/wp\/v2\/product\/2494"}],"collection":[{"href":"https:\/\/www.ermeco.com\/piscine-sauna-hammam\/wp-json\/wp\/v2\/product"}],"about":[{"href":"https:\/\/www.ermeco.com\/piscine-sauna-hammam\/wp-json\/wp\/v2\/types\/product"}],"replies":[{"embeddable":true,"href":"https:\/\/www.ermeco.com\/piscine-sauna-hammam\/wp-json\/wp\/v2\/comments?post=2494"}],"wp:featuredmedia":[{"embeddable":true,"href":"https:\/\/www.ermeco.com\/piscine-sauna-hammam\/wp-json\/wp\/v2\/media\/2539"}],"wp:attachment":[{"href":"https:\/\/www.ermeco.com\/piscine-sauna-hammam\/wp-json\/wp\/v2\/media?parent=2494"}],"wp:term":[{"taxonomy":"product_cat","embeddable":true,"href":"https:\/\/www.ermeco.com\/piscine-sauna-hammam\/wp-json\/wp\/v2\/product_cat?post=2494"},{"taxonomy":"product_tag","embeddable":true,"href":"https:\/\/www.ermeco.com\/piscine-sauna-hammam\/wp-json\/wp\/v2\/product_tag?post=2494"}],"curies":[{"name":"wp","href":"https:\/\/api.w.org\/{rel}","templated":true}]}}