{"id":2495,"date":"2024-04-01T11:06:13","date_gmt":"2024-04-01T09:06:13","guid":{"rendered":"https:\/\/www.ermeco.com\/piscine-sauna-hammam\/?post_type=product&#038;p=2495"},"modified":"2024-04-01T11:06:48","modified_gmt":"2024-04-01T09:06:48","slug":"lot-de-joints-pour-tout-filtre-a-sable","status":"publish","type":"product","link":"https:\/\/www.ermeco.com\/piscine-sauna-hammam\/produit\/lot-de-joints-pour-tout-filtre-a-sable\/","title":{"rendered":"Lot de joints pour tout filtre \u00e0 sable"},"content":{"rendered":"<p>Lot de joints pour tout filtre \u00e0 sable INTEX. Ce lot est compos\u00e9 des r\u00e9f\u00e9rences 11379 x 2 + 11385 x 1 + 11228 x 4 + 11232 x 1 + 11824 x 1 + 11412 x 1 + 10460 x 1 + 10264 x 1 + 11457 x 1.<\/p>\n","protected":false},"excerpt":{"rendered":"<p>Lot de joints pour tout filtre \u00e0 sable INTEX.<\/p>\n","protected":false},"featured_media":2540,"comment_status":"closed","ping_status":"closed","template":"","meta":[],"product_cat":[83,86],"product_tag":[],"aioseo_notices":[],"_links":{"self":[{"href":"https:\/\/www.ermeco.com\/piscine-sauna-hammam\/wp-json\/wp\/v2\/product\/2495"}],"collection":[{"href":"https:\/\/www.ermeco.com\/piscine-sauna-hammam\/wp-json\/wp\/v2\/product"}],"about":[{"href":"https:\/\/www.ermeco.com\/piscine-sauna-hammam\/wp-json\/wp\/v2\/types\/product"}],"replies":[{"embeddable":true,"href":"https:\/\/www.ermeco.com\/piscine-sauna-hammam\/wp-json\/wp\/v2\/comments?post=2495"}],"wp:featuredmedia":[{"embeddable":true,"href":"https:\/\/www.ermeco.com\/piscine-sauna-hammam\/wp-json\/wp\/v2\/media\/2540"}],"wp:attachment":[{"href":"https:\/\/www.ermeco.com\/piscine-sauna-hammam\/wp-json\/wp\/v2\/media?parent=2495"}],"wp:term":[{"taxonomy":"product_cat","embeddable":true,"href":"https:\/\/www.ermeco.com\/piscine-sauna-hammam\/wp-json\/wp\/v2\/product_cat?post=2495"},{"taxonomy":"product_tag","embeddable":true,"href":"https:\/\/www.ermeco.com\/piscine-sauna-hammam\/wp-json\/wp\/v2\/product_tag?post=2495"}],"curies":[{"name":"wp","href":"https:\/\/api.w.org\/{rel}","templated":true}]}}