{"id":2496,"date":"2024-04-01T11:06:13","date_gmt":"2024-04-01T09:06:13","guid":{"rendered":"https:\/\/www.ermeco.com\/piscine-sauna-hammam\/?post_type=product&#038;p=2496"},"modified":"2024-04-01T11:06:49","modified_gmt":"2024-04-01T09:06:49","slug":"lot-de-joints-pour-vannes-darret","status":"publish","type":"product","link":"https:\/\/www.ermeco.com\/piscine-sauna-hammam\/produit\/lot-de-joints-pour-vannes-darret\/","title":{"rendered":"Lot de joints pour vannes d&rsquo;arr\u00eat"},"content":{"rendered":"<p>Lot de joints pour cr\u00e9pines et vannes d&rsquo;arr\u00eat.<br \/>\nLe lot est compos\u00e9 des joints r\u00e9f\u00e9rence 10255 x 2 + 10262 x 2 + 10745 x 2.<\/p>\n","protected":false},"excerpt":{"rendered":"<p>Lot de joints pour cr\u00e9pines et vannes d&rsquo;arr\u00eat.<\/p>\n","protected":false},"featured_media":2541,"comment_status":"closed","ping_status":"closed","template":"","meta":[],"product_cat":[83,86],"product_tag":[],"aioseo_notices":[],"_links":{"self":[{"href":"https:\/\/www.ermeco.com\/piscine-sauna-hammam\/wp-json\/wp\/v2\/product\/2496"}],"collection":[{"href":"https:\/\/www.ermeco.com\/piscine-sauna-hammam\/wp-json\/wp\/v2\/product"}],"about":[{"href":"https:\/\/www.ermeco.com\/piscine-sauna-hammam\/wp-json\/wp\/v2\/types\/product"}],"replies":[{"embeddable":true,"href":"https:\/\/www.ermeco.com\/piscine-sauna-hammam\/wp-json\/wp\/v2\/comments?post=2496"}],"wp:featuredmedia":[{"embeddable":true,"href":"https:\/\/www.ermeco.com\/piscine-sauna-hammam\/wp-json\/wp\/v2\/media\/2541"}],"wp:attachment":[{"href":"https:\/\/www.ermeco.com\/piscine-sauna-hammam\/wp-json\/wp\/v2\/media?parent=2496"}],"wp:term":[{"taxonomy":"product_cat","embeddable":true,"href":"https:\/\/www.ermeco.com\/piscine-sauna-hammam\/wp-json\/wp\/v2\/product_cat?post=2496"},{"taxonomy":"product_tag","embeddable":true,"href":"https:\/\/www.ermeco.com\/piscine-sauna-hammam\/wp-json\/wp\/v2\/product_tag?post=2496"}],"curies":[{"name":"wp","href":"https:\/\/api.w.org\/{rel}","templated":true}]}}