{"id":2497,"date":"2024-04-01T11:06:13","date_gmt":"2024-04-01T09:06:13","guid":{"rendered":"https:\/\/www.ermeco.com\/piscine-sauna-hammam\/?post_type=product&#038;p=2497"},"modified":"2024-04-01T11:06:49","modified_gmt":"2024-04-01T09:06:49","slug":"cartouche-de-filtration-h","status":"publish","type":"product","link":"https:\/\/www.ermeco.com\/piscine-sauna-hammam\/produit\/cartouche-de-filtration-h\/","title":{"rendered":"Cartouche de filtration H"},"content":{"rendered":"<p>Cette cartouche est compos\u00e9e de fibre dacron et poss\u00e8de une finesse de filtration de 20 microns.<\/p>\n<p>En saison, la cartouche doit \u00eatre nettoy\u00e9e r\u00e9guli\u00e8rement et chang\u00e9e toutes les 2 semaines. Pour faciliter son nettoyage, nous vous conseillons d&rsquo;utiliser le nettoyeur de cartouche INTEX pr\u00e9vu \u00e0 cet effet.<\/p>\n","protected":false},"excerpt":{"rendered":"<p>La cartouche de filtration H est compatible avec l&rsquo;\u00e9purateur \u00e0 cartouche 1m3\/h<\/p>\n","protected":false},"featured_media":2542,"comment_status":"closed","ping_status":"closed","template":"","meta":[],"product_cat":[83],"product_tag":[],"aioseo_notices":[],"_links":{"self":[{"href":"https:\/\/www.ermeco.com\/piscine-sauna-hammam\/wp-json\/wp\/v2\/product\/2497"}],"collection":[{"href":"https:\/\/www.ermeco.com\/piscine-sauna-hammam\/wp-json\/wp\/v2\/product"}],"about":[{"href":"https:\/\/www.ermeco.com\/piscine-sauna-hammam\/wp-json\/wp\/v2\/types\/product"}],"replies":[{"embeddable":true,"href":"https:\/\/www.ermeco.com\/piscine-sauna-hammam\/wp-json\/wp\/v2\/comments?post=2497"}],"wp:featuredmedia":[{"embeddable":true,"href":"https:\/\/www.ermeco.com\/piscine-sauna-hammam\/wp-json\/wp\/v2\/media\/2542"}],"wp:attachment":[{"href":"https:\/\/www.ermeco.com\/piscine-sauna-hammam\/wp-json\/wp\/v2\/media?parent=2497"}],"wp:term":[{"taxonomy":"product_cat","embeddable":true,"href":"https:\/\/www.ermeco.com\/piscine-sauna-hammam\/wp-json\/wp\/v2\/product_cat?post=2497"},{"taxonomy":"product_tag","embeddable":true,"href":"https:\/\/www.ermeco.com\/piscine-sauna-hammam\/wp-json\/wp\/v2\/product_tag?post=2497"}],"curies":[{"name":"wp","href":"https:\/\/api.w.org\/{rel}","templated":true}]}}