{"id":2528,"date":"2024-04-01T11:06:45","date_gmt":"2024-04-01T09:06:45","guid":{"rendered":"https:\/\/www.ermeco.com\/piscine-sauna-hammam\/?post_type=product&#038;p=2528"},"modified":"2024-04-01T11:06:59","modified_gmt":"2024-04-01T09:06:59","slug":"anti-algues-qt-20","status":"publish","type":"product","link":"https:\/\/www.ermeco.com\/piscine-sauna-hammam\/produit\/anti-algues-qt-20\/","title":{"rendered":"Anti-algues QT 20"},"content":{"rendered":"<div class=\"wpb-content-wrapper\"><p>[vc_row][vc_column][vc_column_text woodmart_inline=\u00a0\u00bbno\u00a0\u00bb text_larger=\u00a0\u00bbno\u00a0\u00bb]Les avantages produit :<\/p>\n<p>Pr\u00e9ventif, lutte contre la prolif\u00e9ration des algues.<br \/>\nNe contient pas de m\u00e9taux (cuivre, etc.).<br \/>\nEffet prolong\u00e9 contre les algues.<br \/>\nEfficace quel que soit le pH de l&rsquo;eau trait\u00e9e.<br \/>\nCompatible avec tout type de filtration et\/ou rev\u00eatements.<br \/>\nNon moussant.<\/p>\n<p>Utilisez les produits biocides avec pr\u00e9caution.<\/p>\n<p>Avant toute utilisation, lisez l&rsquo;\u00e9tiquette et les informations concernant le produit.<\/p>\n<p>Dangereux. Respecter les pr\u00e9cautions d&#8217;emploi.<\/p>\n<p>Avant toute utilisation, assurez-vous que celle-ci est indispensable, notamment dans les lieux fr\u00e9quent\u00e9s par le grand public. Privil\u00e9giez chaque fois que possible les m\u00e9thodes alternatives et les produits pr\u00e9sentant le risque le plus faible pour la sant\u00e9 humaine et animale et pour l&rsquo;environnement. TP2.[\/vc_column_text][\/vc_column][\/vc_row]<\/p>\n<\/div>","protected":false},"excerpt":{"rendered":"<p>\u00c9limine les algues et emp\u00eache leur retour. Produit anti-algues utilis\u00e9 pour le traitement des eaux de piscine. 3 ou 5 litres.<\/p>\n","protected":false},"featured_media":2550,"comment_status":"closed","ping_status":"closed","template":"","meta":[],"product_cat":[76],"product_tag":[],"aioseo_notices":[],"_links":{"self":[{"href":"https:\/\/www.ermeco.com\/piscine-sauna-hammam\/wp-json\/wp\/v2\/product\/2528"}],"collection":[{"href":"https:\/\/www.ermeco.com\/piscine-sauna-hammam\/wp-json\/wp\/v2\/product"}],"about":[{"href":"https:\/\/www.ermeco.com\/piscine-sauna-hammam\/wp-json\/wp\/v2\/types\/product"}],"replies":[{"embeddable":true,"href":"https:\/\/www.ermeco.com\/piscine-sauna-hammam\/wp-json\/wp\/v2\/comments?post=2528"}],"wp:featuredmedia":[{"embeddable":true,"href":"https:\/\/www.ermeco.com\/piscine-sauna-hammam\/wp-json\/wp\/v2\/media\/2550"}],"wp:attachment":[{"href":"https:\/\/www.ermeco.com\/piscine-sauna-hammam\/wp-json\/wp\/v2\/media?parent=2528"}],"wp:term":[{"taxonomy":"product_cat","embeddable":true,"href":"https:\/\/www.ermeco.com\/piscine-sauna-hammam\/wp-json\/wp\/v2\/product_cat?post=2528"},{"taxonomy":"product_tag","embeddable":true,"href":"https:\/\/www.ermeco.com\/piscine-sauna-hammam\/wp-json\/wp\/v2\/product_tag?post=2528"}],"curies":[{"name":"wp","href":"https:\/\/api.w.org\/{rel}","templated":true}]}}