{"id":2529,"date":"2024-04-01T11:06:45","date_gmt":"2024-04-01T09:06:45","guid":{"rendered":"https:\/\/www.ermeco.com\/piscine-sauna-hammam\/?post_type=product&#038;p=2529"},"modified":"2024-04-01T11:07:00","modified_gmt":"2024-04-01T09:07:00","slug":"antical-calfix-anticalcaire","status":"publish","type":"product","link":"https:\/\/www.ermeco.com\/piscine-sauna-hammam\/produit\/antical-calfix-anticalcaire\/","title":{"rendered":"ANTICAL &#8211; Calfix anticalcaire"},"content":{"rendered":"<div class=\"wpb-content-wrapper\"><p>[vc_row][vc_column][vc_column_text woodmart_inline=\u00a0\u00bbno\u00a0\u00bb text_larger=\u00a0\u00bbno\u00a0\u00bb]Les avantages produit :<\/p>\n<p>Prot\u00e8ge contre les d\u00e9p\u00f4ts calcaires, le tartre.<br \/>\nS\u00e9questrant d\u2019ions m\u00e9talliques.<br \/>\nProt\u00e8ge contre les pr\u00e9cipitations de fer.<br \/>\nProt\u00e8ge l&rsquo;\u00e9quipement : filtration et rev\u00eatement de piscine.<br \/>\nDissolution imm\u00e9diate sans r\u00e9sidus.<br \/>\nS\u2019associe avec tous les d\u00e9sinfectants et traitements employ\u00e9s en piscine.<br \/>\nNon moussant.<br \/>\nDangereux. Respecter les pr\u00e9cautions d&#8217;emploi[\/vc_column_text][\/vc_column][\/vc_row]<\/p>\n<\/div>","protected":false},"excerpt":{"rendered":"<p>S\u00e9questrant calcaire. Produit utilis\u00e9 dans les piscines pour \u00e9viter les d\u00e9p\u00f4ts calcaires et m\u00e9talliques.<\/p>\n","protected":false},"featured_media":2551,"comment_status":"closed","ping_status":"closed","template":"","meta":[],"product_cat":[76],"product_tag":[],"aioseo_notices":[],"_links":{"self":[{"href":"https:\/\/www.ermeco.com\/piscine-sauna-hammam\/wp-json\/wp\/v2\/product\/2529"}],"collection":[{"href":"https:\/\/www.ermeco.com\/piscine-sauna-hammam\/wp-json\/wp\/v2\/product"}],"about":[{"href":"https:\/\/www.ermeco.com\/piscine-sauna-hammam\/wp-json\/wp\/v2\/types\/product"}],"replies":[{"embeddable":true,"href":"https:\/\/www.ermeco.com\/piscine-sauna-hammam\/wp-json\/wp\/v2\/comments?post=2529"}],"wp:featuredmedia":[{"embeddable":true,"href":"https:\/\/www.ermeco.com\/piscine-sauna-hammam\/wp-json\/wp\/v2\/media\/2551"}],"wp:attachment":[{"href":"https:\/\/www.ermeco.com\/piscine-sauna-hammam\/wp-json\/wp\/v2\/media?parent=2529"}],"wp:term":[{"taxonomy":"product_cat","embeddable":true,"href":"https:\/\/www.ermeco.com\/piscine-sauna-hammam\/wp-json\/wp\/v2\/product_cat?post=2529"},{"taxonomy":"product_tag","embeddable":true,"href":"https:\/\/www.ermeco.com\/piscine-sauna-hammam\/wp-json\/wp\/v2\/product_tag?post=2529"}],"curies":[{"name":"wp","href":"https:\/\/api.w.org\/{rel}","templated":true}]}}