{"id":2530,"date":"2024-04-01T11:06:45","date_gmt":"2024-04-01T09:06:45","guid":{"rendered":"https:\/\/www.ermeco.com\/piscine-sauna-hammam\/?post_type=product&#038;p=2530"},"modified":"2024-04-01T11:07:01","modified_gmt":"2024-04-01T09:07:01","slug":"brome-lent-pastilles","status":"publish","type":"product","link":"https:\/\/www.ermeco.com\/piscine-sauna-hammam\/produit\/brome-lent-pastilles\/","title":{"rendered":"Brome lent pastilles"},"content":{"rendered":"<div class=\"wpb-content-wrapper\"><p>[vc_row][vc_column][vc_column_text woodmart_inline=\u00a0\u00bbno\u00a0\u00bb text_larger=\u00a0\u00bbno\u00a0\u00bb]Les avantages produit<\/p>\n<p>Excellente activit\u00e9 d\u00e9sinfectante quel que soit le pH de l&rsquo;eau trait\u00e9e.<br \/>\nDestruction des bact\u00e9ries, virus, champignons et algues.<br \/>\nAutomatisation possible par station de dosage (brominateur) et contr\u00f4le par r\u00e9gulation du potentiel redox ou de type amp\u00e9rom\u00e9trique.<\/p>\n<p>Utilisez les produits biocides avec pr\u00e9caution.<br \/>\nAvant toute utilisation, lisez l&rsquo;\u00e9tiquette et les informations concernant le produit.<\/p>\n<p>Dangereux. Respecter les pr\u00e9cautions d&#8217;emploi.<\/p>\n<p>Avant toute utilisation, assurez-vous que celle-ci est indispensable, notamment dans les lieux fr\u00e9quent\u00e9s par le grand public. Privil\u00e9giez chaque fois que possible les m\u00e9thodes alternatives et les produits pr\u00e9sentant le risque le plus faible pour la sant\u00e9 humaine et animale et pour l&rsquo;environnement. TP2.[\/vc_column_text][\/vc_column][\/vc_row]<\/p>\n<\/div>","protected":false},"excerpt":{"rendered":"<p>Recommand\u00e9 notamment pour les Spas, les bains bouillonnants et les eaux chaudes. Pastilles de 20 g \u00e0 dissolution lente. 1 ou 5 kg<\/p>\n","protected":false},"featured_media":2552,"comment_status":"closed","ping_status":"closed","template":"","meta":[],"product_cat":[76],"product_tag":[],"aioseo_notices":[],"_links":{"self":[{"href":"https:\/\/www.ermeco.com\/piscine-sauna-hammam\/wp-json\/wp\/v2\/product\/2530"}],"collection":[{"href":"https:\/\/www.ermeco.com\/piscine-sauna-hammam\/wp-json\/wp\/v2\/product"}],"about":[{"href":"https:\/\/www.ermeco.com\/piscine-sauna-hammam\/wp-json\/wp\/v2\/types\/product"}],"replies":[{"embeddable":true,"href":"https:\/\/www.ermeco.com\/piscine-sauna-hammam\/wp-json\/wp\/v2\/comments?post=2530"}],"wp:featuredmedia":[{"embeddable":true,"href":"https:\/\/www.ermeco.com\/piscine-sauna-hammam\/wp-json\/wp\/v2\/media\/2552"}],"wp:attachment":[{"href":"https:\/\/www.ermeco.com\/piscine-sauna-hammam\/wp-json\/wp\/v2\/media?parent=2530"}],"wp:term":[{"taxonomy":"product_cat","embeddable":true,"href":"https:\/\/www.ermeco.com\/piscine-sauna-hammam\/wp-json\/wp\/v2\/product_cat?post=2530"},{"taxonomy":"product_tag","embeddable":true,"href":"https:\/\/www.ermeco.com\/piscine-sauna-hammam\/wp-json\/wp\/v2\/product_tag?post=2530"}],"curies":[{"name":"wp","href":"https:\/\/api.w.org\/{rel}","templated":true}]}}