{"id":2532,"date":"2024-04-01T11:06:45","date_gmt":"2024-04-01T09:06:45","guid":{"rendered":"https:\/\/www.ermeco.com\/piscine-sauna-hammam\/?post_type=product&#038;p=2532"},"modified":"2024-04-01T11:07:02","modified_gmt":"2024-04-01T09:07:02","slug":"chlore-lent-250-g","status":"publish","type":"product","link":"https:\/\/www.ermeco.com\/piscine-sauna-hammam\/produit\/chlore-lent-250-g\/","title":{"rendered":"Chlore lent 250 g"},"content":{"rendered":"<div class=\"wpb-content-wrapper\"><p>[vc_row][vc_column][vc_column_text woodmart_inline=\u00a0\u00bbno\u00a0\u00bb text_larger=\u00a0\u00bbno\u00a0\u00bb]Les avantages produit<\/p>\n<p>&#8211; Galet de chlore stabilis\u00e9 \u00e0 dissolution lente.<br \/>\n&#8211; Haute teneur en chlore disponible.<br \/>\n&#8211; Compatible avec tout \u00e9quipement de filtration.<br \/>\n&#8211; Non comburant.<\/p>\n<p>Utilisez les produits biocides avec pr\u00e9caution.<\/p>\n<p>Avant toute utilisation, lisez l&rsquo;\u00e9tiquette et les informations concernant le produit.<\/p>\n<p>Dangereux. Respecter les pr\u00e9cautions d&#8217;emploi.<\/p>\n<p>Avant toute utilisation, assurez-vous que celle-ci est indispensable, notamment dans les lieux fr\u00e9quent\u00e9s par le grand public. Privil\u00e9giez chaque fois que possible les m\u00e9thodes alternatives et les produits pr\u00e9sentant le risque le plus faible pour la sant\u00e9 humaine et animale et pour l&rsquo;environnement. TP2.[\/vc_column_text][\/vc_column][\/vc_row]<\/p>\n<\/div>","protected":false},"excerpt":{"rendered":"<p>Chlore stabilis\u00e9 &#8211; non comburant. D\u00e9sinfection r\u00e9guli\u00e8re pour d\u00e9truire tout type de micro-organisme (bact\u00e9rie, champignon) dans la piscine. 1.25 ou 5 kg<\/p>\n","protected":false},"featured_media":2554,"comment_status":"closed","ping_status":"closed","template":"","meta":[],"product_cat":[76],"product_tag":[],"aioseo_notices":[],"_links":{"self":[{"href":"https:\/\/www.ermeco.com\/piscine-sauna-hammam\/wp-json\/wp\/v2\/product\/2532"}],"collection":[{"href":"https:\/\/www.ermeco.com\/piscine-sauna-hammam\/wp-json\/wp\/v2\/product"}],"about":[{"href":"https:\/\/www.ermeco.com\/piscine-sauna-hammam\/wp-json\/wp\/v2\/types\/product"}],"replies":[{"embeddable":true,"href":"https:\/\/www.ermeco.com\/piscine-sauna-hammam\/wp-json\/wp\/v2\/comments?post=2532"}],"wp:featuredmedia":[{"embeddable":true,"href":"https:\/\/www.ermeco.com\/piscine-sauna-hammam\/wp-json\/wp\/v2\/media\/2554"}],"wp:attachment":[{"href":"https:\/\/www.ermeco.com\/piscine-sauna-hammam\/wp-json\/wp\/v2\/media?parent=2532"}],"wp:term":[{"taxonomy":"product_cat","embeddable":true,"href":"https:\/\/www.ermeco.com\/piscine-sauna-hammam\/wp-json\/wp\/v2\/product_cat?post=2532"},{"taxonomy":"product_tag","embeddable":true,"href":"https:\/\/www.ermeco.com\/piscine-sauna-hammam\/wp-json\/wp\/v2\/product_tag?post=2532"}],"curies":[{"name":"wp","href":"https:\/\/api.w.org\/{rel}","templated":true}]}}